{"id":644,"date":"2015-03-04T13:18:58","date_gmt":"2015-03-04T12:18:58","guid":{"rendered":"http:\/\/www.berenicestaiger.com\/blog\/?page_id=644"},"modified":"2020-11-03T00:15:38","modified_gmt":"2020-11-02T23:15:38","slug":"about-berenice-staiger-drawings","status":"publish","type":"page","link":"http:\/\/www.berenicestaiger.com\/blog\/about-berenice-staiger-drawings\/","title":{"rendered":"B\u00e9r\u00e9nice Staiger"},"content":{"rendered":"<p>Atelier B\u00e9r\u00e9nice Staiger is een plek waar ontdekt mag worden. Er mag gespeeld worden. Want spelen is met plezier iets ontdekken en daarvan leren. B\u00e9renice is opgeleid als beeldend kunstenaar, imker en yoga docent voor kinderen.<\/p>\n","protected":false},"excerpt":{"rendered":"<p>Atelier B\u00e9r\u00e9nice Staiger is een plek waar ontdekt mag worden. Er mag gespeeld worden. Want&#8230;<\/p>\n","protected":false},"author":1,"featured_media":0,"parent":0,"menu_order":0,"comment_status":"closed","ping_status":"closed","template":"","meta":{"footnotes":""},"class_list":["post-644","page","type-page","status-publish","hentry"],"_links":{"self":[{"href":"http:\/\/www.berenicestaiger.com\/blog\/wp-json\/wp\/v2\/pages\/644","targetHints":{"allow":["GET"]}}],"collection":[{"href":"http:\/\/www.berenicestaiger.com\/blog\/wp-json\/wp\/v2\/pages"}],"about":[{"href":"http:\/\/www.berenicestaiger.com\/blog\/wp-json\/wp\/v2\/types\/page"}],"author":[{"embeddable":true,"href":"http:\/\/www.berenicestaiger.com\/blog\/wp-json\/wp\/v2\/users\/1"}],"replies":[{"embeddable":true,"href":"http:\/\/www.berenicestaiger.com\/blog\/wp-json\/wp\/v2\/comments?post=644"}],"version-history":[{"count":12,"href":"http:\/\/www.berenicestaiger.com\/blog\/wp-json\/wp\/v2\/pages\/644\/revisions"}],"predecessor-version":[{"id":1461,"href":"http:\/\/www.berenicestaiger.com\/blog\/wp-json\/wp\/v2\/pages\/644\/revisions\/1461"}],"wp:attachment":[{"href":"http:\/\/www.berenicestaiger.com\/blog\/wp-json\/wp\/v2\/media?parent=644"}],"curies":[{"name":"wp","href":"https:\/\/api.w.org\/{rel}","templated":true}]}}